{"id":2600,"date":"2017-01-13T00:37:57","date_gmt":"2017-01-12T23:37:57","guid":{"rendered":"http:\/\/www.residenzaklimahouse.it\/de\/?page_id=2600"},"modified":"2017-01-20T17:27:36","modified_gmt":"2017-01-20T16:27:36","slug":"mimosa","status":"publish","type":"page","link":"https:\/\/www.residenzaklimahouse.it\/de\/mimosa\/","title":{"rendered":"Mimosa"},"content":{"rendered":"<div class=\"wpb-content-wrapper\"><p>[vc_row no_bottom_margin=&#8220;yes&#8220;][vc_column]\n\t\t\t<!-- START mimosaok REVOLUTION SLIDER 6.6.20 --><p class=\"rs-p-wp-fix\"><\/p>\n\t\t\t<rs-module-wrap id=\"rev_slider_10_1_wrapper\" data-source=\"gallery\" style=\"visibility:hidden;background:transparent;padding:0;margin:0px auto;margin-top:0;margin-bottom:0;\">\n\t\t\t\t<rs-module id=\"rev_slider_10_1\" style=\"\" data-version=\"6.6.20\">\n\t\t\t\t\t<rs-slides style=\"overflow: hidden; position: absolute;\">\n\t\t\t\t\t\t<rs-slide style=\"position: absolute;\" data-key=\"rs-28\" data-title=\"Slide\" data-anim=\"adpr:false;\">\n\t\t\t\t\t\t\t<img decoding=\"async\" src=\"\/\/www.residenzaklimahouse.it\/wp-content\/plugins\/revslider\/public\/assets\/assets\/dummy.png\" alt=\"\" title=\"Mimosa\" class=\"rev-slidebg tp-rs-img rs-lazyload\" data-lazyload=\"\/\/www.residenzaklimahouse.it\/wp-content\/uploads\/2016\/12\/mimosa-residenza-klima-house-arco.jpg\" data-parallax=\"off\" data-no-retina>\n<!--\n\t\t\t\t\t\t\t--><rs-layer\n\t\t\t\t\t\t\t\tid=\"slider-10-slide-28-layer-2\" \n\t\t\t\t\t\t\t\tdata-type=\"text\"\n\t\t\t\t\t\t\t\tdata-color=\"rgba(119,107,116,1)\"\n\t\t\t\t\t\t\t\tdata-rsp_ch=\"on\"\n\t\t\t\t\t\t\t\tdata-xy=\"x:c;y:m;\"\n\t\t\t\t\t\t\t\tdata-text=\"s:40;l:20;\"\n\t\t\t\t\t\t\t\tdata-frame_0=\"tp:600;\"\n\t\t\t\t\t\t\t\tdata-frame_1=\"tp:600;e:power2.inOut;st:500;sR:500;\"\n\t\t\t\t\t\t\t\tdata-frame_999=\"o:0;tp:600;e:nothing;st:w;sR:8200;\"\n\t\t\t\t\t\t\t\tstyle=\"z-index:5;font-family:'';\"\n\t\t\t\t\t\t\t>MIMOSA \n\t\t\t\t\t\t\t<\/rs-layer><!--\n-->\t\t\t\t\t\t<\/rs-slide>\n\t\t\t\t\t<\/rs-slides>\n\t\t\t\t\t<rs-static-layers><!--\n\n\t\t\t\t\t\t\t--><rs-layer\n\t\t\t\t\t\t\t\tid=\"slider-10-slide-9-layer-2\" \n\t\t\t\t\t\t\t\tclass=\"rs-layer-static\"\n\t\t\t\t\t\t\t\tdata-type=\"text\"\n\t\t\t\t\t\t\t\tdata-color=\"rgba(255,255,255,1)\"\n\t\t\t\t\t\t\t\tdata-rsp_ch=\"on\"\n\t\t\t\t\t\t\t\tdata-xy=\"x:c;y:m;yo:199px;\"\n\t\t\t\t\t\t\t\tdata-text=\"l:22;\"\n\t\t\t\t\t\t\t\tdata-dim=\"w:11px;h:11px;\"\n\t\t\t\t\t\t\t\tdata-actions='o:click;a:scrollbelow;sp:300;e:none;'\n\t\t\t\t\t\t\t\tdata-onslides=\"s:1;\"\n\t\t\t\t\t\t\t\tdata-frame_0=\"tp:600;\"\n\t\t\t\t\t\t\t\tdata-frame_1=\"tp:600;e:power2.inOut;st:500;sR:500;\"\n\t\t\t\t\t\t\t\tdata-frame_999=\"o:0;tp:600;e:nothing;st:w;sR:8200;\"\n\t\t\t\t\t\t\t\tstyle=\"z-index:6;font-family:'';\"\n\t\t\t\t\t\t\t><div class=\"mouse\" style=\"transition: none; text-align: left; line-height: 14px; border-width: 1px; margin: 0px; padding: 0px; letter-spacing: 0px; font-weight: 300; font-size: 11px;\"><\/div> \n\t\t\t\t\t\t\t<\/rs-layer><!--\n\t\t\t\t\t--><\/rs-static-layers>\n\t\t\t\t<\/rs-module>\n\t\t\t\t<script>\n\t\t\t\t\tsetREVStartSize({c: 'rev_slider_10_1',rl:[1240,1240,778,778],el:[],gw:[1240,1240,778,778],gh:[500,500,860,860],type:'standard',justify:'',layout:'fullwidth',mh:\"0\"});if (window.RS_MODULES!==undefined && window.RS_MODULES.modules!==undefined && window.RS_MODULES.modules[\"revslider101\"]!==undefined) {window.RS_MODULES.modules[\"revslider101\"].once = false;window.revapi10 = undefined;if (window.RS_MODULES.checkMinimal!==undefined) window.RS_MODULES.checkMinimal()}\n\t\t\t\t<\/script>\n\t\t\t<\/rs-module-wrap>\n\t\t\t<!-- END REVOLUTION SLIDER -->\n[\/vc_column][\/vc_row][vc_row full_width=&#8220;stretch_row_content_no_spaces&#8220;][vc_column width=&#8220;1\/2&#8243;][vc_column_text]<div class=\"mimosa-bar\"><\/div><br \/>\n[\/vc_column_text][\/vc_column][vc_column width=&#8220;1\/2&#8243;][\/vc_column][\/vc_row][vc_row el_class=&#8220;appartamento-testo-row&#8220;][vc_column][vc_column_text]<\/p>\n<h1 class=\"grey\" style=\"text-align: center;\">RESIDENZA KLIMA HOUSE<\/h1>\n<h2 class=\"mimosa\" style=\"text-align: center;\"><span style=\"color: #776b74;\">MIMOSA APARTMENT<\/span><\/h2>\n<p dir=\"ltr\">Das <span style=\"color: #776b74;\"><strong>Mimosa Apartment<\/strong><\/span> befindet sich im Erdgeschoss und ist mit Klimaanlage und Heizung ausgestattet. Es gibt ein ger\u00e4umiges Wohnzimmer mit Kochnische mit Geschirr, K\u00fchlschrank mit Gefrierfach, Backofen, Herd und Sp\u00fclmaschine. Es gibt auch eine bequeme Schlafcouch, Tresor, Sat-TV und Zugang zu kostenlosen Wi-Fi.<\/p>\n<p dir=\"ltr\">Die erste Schlafzimmer ist mit Doppelbett und wir k\u00f6nnen ein 3. Bett oder Babybett hinzuf\u00fcgen. Das andere Zimmer ist mit 2 Einzelbetten. Die Wohnung hat auch ein gro\u00dfes Badezimmer mit Fenster, WC, Bidet, Waschbecken und gro\u00dfer Dusche.<\/p>\n<p dir=\"ltr\">Bettw\u00e4sche und Handt\u00fccher sind inklusive.<\/p>\n<p dir=\"ltr\">Sie k\u00f6nnen diese Wohnung von einer gro\u00dfen Terrasse erreichen, wo Sie sich entspannen k\u00f6nnen.<\/p>\n<p>[\/vc_column_text][\/vc_column][\/vc_row][vc_row][vc_column][vc_custom_heading text=&#8220;Photo Gallery&#8220; font_container=&#8220;tag:h1|font_size:26|text_align:center|color:%23776b74&#8243; google_fonts=&#8220;font_family:Lato%3A100%2C100italic%2C300%2C300italic%2Cregular%2Citalic%2C700%2C700italic%2C900%2C900italic|font_style:400%20regular%3A400%3Anormal&#8220; css=&#8220;.vc_custom_1482257723424{padding-bottom: 10px !important;}&#8220;][vc_masonry_media_grid style=&#8220;load-more&#8220; items_per_page=&#8220;6&#8243; item=&#8220;mediaGrid_FadeInWithIcon&#8220; btn_title=&#8220;+ PHOTO&#8220; btn_style=&#8220;custom&#8220; btn_custom_background=&#8220;#776b74&#8243; btn_custom_text=&#8220;#ffffff&#8220; btn_shape=&#8220;square&#8220; btn_i_icon_fontawesome=&#8220;fa fa-camera&#8220; btn_add_icon=&#8220;true&#8220; grid_id=&#8220;vc_gid:1484929586104-4b81607b-4916-7&#8243; include=&#8220;2479,2477,2481,2478,2476,2474,2480,2475&#8243;][\/vc_column][\/vc_row][vc_row][vc_column][vc_custom_heading text=&#8220;Im Preis sind enthalten&#8220; font_container=&#8220;tag:h1|font_size:26|text_align:center|color:%23776b74&#8243; google_fonts=&#8220;font_family:Lato%3A100%2C100italic%2C300%2C300italic%2Cregular%2Citalic%2C700%2C700italic%2C900%2C900italic|font_style:400%20regular%3A400%3Anormal&#8220; css=&#8220;.vc_custom_1484264255541{padding-bottom: 10px !important;}&#8220;][vc_column_text]Klimaanlage und Heizung ausgestattet, K\u00fchlschrank mit Gefrierfach, Backofen, Herd und Sp\u00fclmaschine, Tresor, Sat-TV und Zugang zu kostenlosen Wi-Fi. Bettw\u00e4sche und Handt\u00fccher sind inklusive. Parkplatz, city bike.[\/vc_column_text][\/vc_column][\/vc_row][vc_row full_width=&#8220;stretch_row&#8220; no_bottom_margin=&#8220;yes&#8220; css=&#8220;.vc_custom_1481903159434{margin-bottom: 0px !important;border-bottom-width: 0px !important;padding-top: 20px !important;padding-bottom: 0px !important;background-color: #f1f1f1 !important;}&#8220;][vc_column][vc_custom_heading text=&#8220;Lage&#8220; font_container=&#8220;tag:h1|font_size:26|text_align:center|color:%238a9a1e&#8220; google_fonts=&#8220;font_family:Lato%3A100%2C100italic%2C300%2C300italic%2Cregular%2Citalic%2C700%2C700italic%2C900%2C900italic|font_style:400%20regular%3A400%3Anormal&#8220; css=&#8220;.vc_custom_1484264220382{padding-bottom: 10px !important;}&#8220;][vc_column_text]<\/p>\n<p align=\"center\">2 Minuten zu Fu\u00df vom Zentrum von Arco und 100 Meter weit vom Radweg entfernt.<\/p>\n<p>[\/vc_column_text][lab_google_map zoom=&#8220;17&#8243; map_options=&#8220;map-style,drop-pins&#8220; map_controls=&#8220;plusMinusZoom&#8220; map_style=&#8220;JTVCJTdCJTIyZmVhdHVyZVR5cGUlMjIlM0ElMjJ3YXRlciUyMiUyQyUyMmVsZW1lbnRUeXBlJTIyJTNBJTIyZ2VvbWV0cnklMjIlMkMlMjJzdHlsZXJzJTIyJTNBJTVCJTdCJTIyY29sb3IlMjIlM0ElMjIlMjM1QkMwRUIlMjIlN0QlMkMlN0IlMjJsaWdodG5lc3MlMjIlM0ExNyU3RCU1RCU3RCUyQyU3QiUyMmZlYXR1cmVUeXBlJTIyJTNBJTIybGFuZHNjYXBlJTIyJTJDJTIyZWxlbWVudFR5cGUlMjIlM0ElMjJnZW9tZXRyeSUyMiUyQyUyMnN0eWxlcnMlMjIlM0ElNUIlN0IlMjJjb2xvciUyMiUzQSUyMiUyM2Y1ZjVmNSUyMiU3RCUyQyU3QiUyMmxpZ2h0bmVzcyUyMiUzQTIwJTdEJTVEJTdEJTJDJTdCJTIyZmVhdHVyZVR5cGUlMjIlM0ElMjJyb2FkLmhpZ2h3YXklMjIlMkMlMjJlbGVtZW50VHlwZSUyMiUzQSUyMmdlb21ldHJ5LmZpbGwlMjIlMkMlMjJzdHlsZXJzJTIyJTNBJTVCJTdCJTIyY29sb3IlMjIlM0ElMjIlMjNmZmZmZmYlMjIlN0QlMkMlN0IlMjJsaWdodG5lc3MlMjIlM0ExNyU3RCU1RCU3RCUyQyU3QiUyMmZlYXR1cmVUeXBlJTIyJTNBJTIycm9hZC5oaWdod2F5JTIyJTJDJTIyZWxlbWVudFR5cGUlMjIlM0ElMjJnZW9tZXRyeS5zdHJva2UlMjIlMkMlMjJzdHlsZXJzJTIyJTNBJTVCJTdCJTIyY29sb3IlMjIlM0ElMjIlMjNmZmZmZmYlMjIlN0QlMkMlN0IlMjJsaWdodG5lc3MlMjIlM0EyOSU3RCUyQyU3QiUyMndlaWdodCUyMiUzQTAuMiU3RCU1RCU3RCUyQyU3QiUyMmZlYXR1cmVUeXBlJTIyJTNBJTIycm9hZC5hcnRlcmlhbCUyMiUyQyUyMmVsZW1lbnRUeXBlJTIyJTNBJTIyZ2VvbWV0cnklMjIlMkMlMjJzdHlsZXJzJTIyJTNBJTVCJTdCJTIyY29sb3IlMjIlM0ElMjIlMjNmZmZmZmYlMjIlN0QlMkMlN0IlMjJsaWdodG5lc3MlMjIlM0ExOCU3RCU1RCU3RCUyQyU3QiUyMmZlYXR1cmVUeXBlJTIyJTNBJTIycm9hZC5sb2NhbCUyMiUyQyUyMmVsZW1lbnRUeXBlJTIyJTNBJTIyZ2VvbWV0cnklMjIlMkMlMjJzdHlsZXJzJTIyJTNBJTVCJTdCJTIyY29sb3IlMjIlM0ElMjIlMjNmZmZmZmYlMjIlN0QlMkMlN0IlMjJsaWdodG5lc3MlMjIlM0ExNiU3RCU1RCU3RCUyQyU3QiUyMmZlYXR1cmVUeXBlJTIyJTNBJTIycG9pJTIyJTJDJTIyZWxlbWVudFR5cGUlMjIlM0ElMjJnZW9tZXRyeSUyMiUyQyUyMnN0eWxlcnMlMjIlM0ElNUIlN0IlMjJjb2xvciUyMiUzQSUyMiUyM2Y1ZjVmNSUyMiU3RCUyQyU3QiUyMmxpZ2h0bmVzcyUyMiUzQTIxJTdEJTVEJTdEJTJDJTdCJTIyZmVhdHVyZVR5cGUlMjIlM0ElMjJwb2kucGFyayUyMiUyQyUyMmVsZW1lbnRUeXBlJTIyJTNBJTIyZ2VvbWV0cnklMjIlMkMlMjJzdHlsZXJzJTIyJTNBJTVCJTdCJTIyY29sb3IlMjIlM0ElMjIlMjNkZWRlZGUlMjIlN0QlMkMlN0IlMjJsaWdodG5lc3MlMjIlM0EyMSU3RCU1RCU3RCUyQyU3QiUyMmVsZW1lbnRUeXBlJTIyJTNBJTIybGFiZWxzLnRleHQuc3Ryb2tlJTIyJTJDJTIyc3R5bGVycyUyMiUzQSU1QiU3QiUyMnZpc2liaWxpdHklMjIlM0ElMjJvbiUyMiU3RCUyQyU3QiUyMmNvbG9yJTIyJTNBJTIyJTIzZmZmZmZmJTIyJTdEJTJDJTdCJTIybGlnaHRuZXNzJTIyJTNBMTYlN0QlNUQlN0QlMkMlN0IlMjJlbGVtZW50VHlwZSUyMiUzQSUyMmxhYmVscy50ZXh0LmZpbGwlMjIlMkMlMjJzdHlsZXJzJTIyJTNBJTVCJTdCJTIyc2F0dXJhdGlvbiUyMiUzQTM2JTdEJTJDJTdCJTIyY29sb3IlMjIlM0ElMjIlMjMzMzMzMzMlMjIlN0QlMkMlN0IlMjJsaWdodG5lc3MlMjIlM0E0MCU3RCU1RCU3RCUyQyU3QiUyMmVsZW1lbnRUeXBlJTIyJTNBJTIybGFiZWxzLmljb24lMjIlMkMlMjJzdHlsZXJzJTIyJTNBJTVCJTdCJTIydmlzaWJpbGl0eSUyMiUzQSUyMm9mZiUyMiU3RCU1RCU3RCUyQyU3QiUyMmZlYXR1cmVUeXBlJTIyJTNBJTIydHJhbnNpdCUyMiUyQyUyMmVsZW1lbnRUeXBlJTIyJTNBJTIyZ2VvbWV0cnklMjIlMkMlMjJzdHlsZXJzJTIyJTNBJTVCJTdCJTIyY29sb3IlMjIlM0ElMjIlMjNmMmYyZjIlMjIlN0QlMkMlN0IlMjJsaWdodG5lc3MlMjIlM0ExOSU3RCU1RCU3RCUyQyU3QiUyMmZlYXR1cmVUeXBlJTIyJTNBJTIyYWRtaW5pc3RyYXRpdmUlMjIlMkMlMjJlbGVtZW50VHlwZSUyMiUzQSUyMmdlb21ldHJ5LmZpbGwlMjIlMkMlMjJzdHlsZXJzJTIyJTNBJTVCJTdCJTIyY29sb3IlMjIlM0ElMjIlMjNmZWZlZmUlMjIlN0QlMkMlN0IlMjJsaWdodG5lc3MlMjIlM0EyMCU3RCU1RCU3RCUyQyU3QiUyMmZlYXR1cmVUeXBlJTIyJTNBJTIyYWRtaW5pc3RyYXRpdmUlMjIlMkMlMjJlbGVtZW50VHlwZSUyMiUzQSUyMmdlb21ldHJ5LnN0cm9rZSUyMiUyQyUyMnN0eWxlcnMlMjIlM0ElNUIlN0IlMjJjb2xvciUyMiUzQSUyMiUyM2ZlZmVmZSUyMiU3RCUyQyU3QiUyMmxpZ2h0bmVzcyUyMiUzQTE3JTdEJTJDJTdCJTIyd2VpZ2h0JTIyJTNBMS4yJTdEJTVEJTdEJTVE&#8220; css=&#8220;.vc_custom_1481903173874{padding-bottom: 30px !important;}&#8220;][lab_google_map_location marker_image=&#8220;2299&#8243; retina_marker=&#8220;yes&#8220; latitude=&#8220;45.920054&#8243; longitude=&#8220;10.89103799999998&#8243;][\/lab_google_map][vc_column_text]<\/p>\n<p style=\"text-align: center;\"><a class=\"bottone-raggiungici\" target=\"_blank\" href=\"https:\/\/goo.gl\/maps\/uB6bdCyon4N2\">Komm Zu Uns<\/a><\/p>\n<p>[\/vc_column_text][\/vc_column][\/vc_row]<\/p>\n<\/div>","protected":false},"excerpt":{"rendered":"<p>[vc_row no_bottom_margin=&#8220;yes&#8220;][vc_column][\/vc_column][\/vc_row][vc_row full_width=&#8220;stretch_row_content_no_spaces&#8220;][vc_column width=&#8220;1\/2&#8243;][vc_column_text] [\/vc_column_text][\/vc_column][vc_column width=&#8220;1\/2&#8243;][\/vc_column][\/vc_row][vc_row el_class=&#8220;appartamento-testo-row&#8220;][vc_column][vc_column_text] RESIDENZA KLIMA HOUSE MIMOSA APARTMENT Das Mimosa Apartment befindet sich im Erdgeschoss und ist mit Klimaanlage und Heizung ausgestattet. Es gibt ein ger\u00e4umiges Wohnzimmer mit Kochnische mit Geschirr, K\u00fchlschrank mit Gefrierfach, Backofen, Herd und Sp\u00fclmaschine. Es gibt auch eine bequeme Schlafcouch, Tresor, Sat-TV und Zugang zu kostenlosen Wi-Fi.&hellip;<\/p>\n","protected":false},"author":1,"featured_media":0,"parent":0,"menu_order":3,"comment_status":"closed","ping_status":"closed","template":"","meta":{"_acf_changed":false,"_monsterinsights_skip_tracking":false,"_monsterinsights_sitenote_active":false,"_monsterinsights_sitenote_note":"","_monsterinsights_sitenote_category":0,"footnotes":""},"class_list":["post-2600","page","type-page","status-publish","hentry"],"acf":[],"_links":{"self":[{"href":"https:\/\/www.residenzaklimahouse.it\/de\/wp-json\/wp\/v2\/pages\/2600","targetHints":{"allow":["GET"]}}],"collection":[{"href":"https:\/\/www.residenzaklimahouse.it\/de\/wp-json\/wp\/v2\/pages"}],"about":[{"href":"https:\/\/www.residenzaklimahouse.it\/de\/wp-json\/wp\/v2\/types\/page"}],"author":[{"embeddable":true,"href":"https:\/\/www.residenzaklimahouse.it\/de\/wp-json\/wp\/v2\/users\/1"}],"replies":[{"embeddable":true,"href":"https:\/\/www.residenzaklimahouse.it\/de\/wp-json\/wp\/v2\/comments?post=2600"}],"version-history":[{"count":7,"href":"https:\/\/www.residenzaklimahouse.it\/de\/wp-json\/wp\/v2\/pages\/2600\/revisions"}],"predecessor-version":[{"id":2745,"href":"https:\/\/www.residenzaklimahouse.it\/de\/wp-json\/wp\/v2\/pages\/2600\/revisions\/2745"}],"wp:attachment":[{"href":"https:\/\/www.residenzaklimahouse.it\/de\/wp-json\/wp\/v2\/media?parent=2600"}],"curies":[{"name":"wp","href":"https:\/\/api.w.org\/{rel}","templated":true}]}}